{"id":963,"date":"2022-02-18T17:23:01","date_gmt":"2022-02-18T15:23:01","guid":{"rendered":"http:\/\/a4.commsmundi.com\/?page_id=963"},"modified":"2022-06-15T11:14:11","modified_gmt":"2022-06-15T09:14:11","slug":"call-center","status":"publish","type":"page","link":"https:\/\/www.wirelessmundi.com\/?page_id=963","title":{"rendered":"Call Center"},"content":{"rendered":"\t\t<div data-elementor-type=\"wp-page\" data-elementor-id=\"963\" class=\"elementor elementor-963\">\n\t\t\t\t\t\t<section class=\"elementor-section elementor-top-section elementor-element elementor-element-8188c0b elementor-section-height-min-height elementor-section-content-middle animated-slow elementor-section-boxed elementor-section-height-default elementor-section-items-middle elementor-invisible\" data-id=\"8188c0b\" data-element_type=\"section\" data-settings=\"{&quot;background_background&quot;:&quot;classic&quot;,&quot;animation&quot;:&quot;fadeInDown&quot;}\">\n\t\t\t\t\t\t\t<div class=\"elementor-background-overlay\"><\/div>\n\t\t\t\t\t\t\t<div class=\"elementor-container elementor-column-gap-no\">\n\t\t\t\t\t<div class=\"elementor-column elementor-col-33 elementor-top-column elementor-element elementor-element-6372bcbb elementor-invisible\" data-id=\"6372bcbb\" data-element_type=\"column\" data-settings=\"{&quot;animation&quot;:&quot;zoomIn&quot;}\">\n\t\t\t<div class=\"elementor-widget-wrap elementor-element-populated\">\n\t\t\t\t\t\t<div class=\"elementor-element elementor-element-7d611374 animated-slow elementor-invisible elementor-widget elementor-widget-video\" data-id=\"7d611374\" data-element_type=\"widget\" data-settings=\"{&quot;show_image_overlay&quot;:&quot;yes&quot;,&quot;image_overlay&quot;:{&quot;url&quot;:&quot;http:\\\/\\\/www.wirelessmundi.com\\\/wp-content\\\/uploads\\\/2022\\\/02\\\/6-Tarjeta_CommsMundi_callcenter_11_20220128.png&quot;,&quot;id&quot;:804,&quot;size&quot;:&quot;&quot;,&quot;alt&quot;:&quot;&quot;,&quot;source&quot;:&quot;library&quot;},&quot;video_type&quot;:&quot;hosted&quot;,&quot;_animation&quot;:&quot;fadeInLeft&quot;,&quot;controls&quot;:&quot;yes&quot;}\" data-widget_type=\"video.default\">\n\t\t\t\t<div class=\"elementor-widget-container\">\n\t\t\t\t\t\t\t<div class=\"e-hosted-video elementor-wrapper elementor-open-inline\">\n\t\t\t\t\t<video class=\"elementor-video\" src=\"http:\/\/www.wirelessmundi.com\/wp-content\/uploads\/2022\/02\/video-en-construccion_cabecera_en_cola_1.mp4\" controls=\"\" preload=\"metadata\" controlsList=\"nodownload\" poster=\"http:\/\/www.wirelessmundi.com\/wp-content\/uploads\/2022\/02\/6-Tarjeta_CommsMundi_callcenter_11_20220128.png\"><\/video>\n\t\t\t\t\t\t<div class=\"elementor-custom-embed-image-overlay\" style=\"background-image: url(https:\/\/www.wirelessmundi.es\/wp-content\/uploads\/2022\/02\/6-Tarjeta_CommsMundi_callcenter_11_20220128.png);\">\n\t\t\t\t\t\t\t\t\t\t\t\t\t\t\t\t<div class=\"elementor-custom-embed-play\" role=\"button\" aria-label=\"Reproducir v\u00eddeo\" tabindex=\"0\">\n\t\t\t\t\t\t\t<i aria-hidden=\"true\" class=\"eicon-play\"><\/i>\t\t\t\t\t\t<\/div>\n\t\t\t\t\t\t\t\t\t<\/div>\n\t\t\t\t\t<\/div>\n\t\t\t\t\t\t<\/div>\n\t\t\t\t<\/div>\n\t\t\t\t\t<\/div>\n\t\t<\/div>\n\t\t\t\t<div class=\"elementor-column elementor-col-33 elementor-top-column elementor-element elementor-element-27521606\" data-id=\"27521606\" data-element_type=\"column\">\n\t\t\t<div class=\"elementor-widget-wrap\">\n\t\t\t\t\t\t\t<\/div>\n\t\t<\/div>\n\t\t\t\t<div class=\"elementor-column elementor-col-33 elementor-top-column elementor-element elementor-element-e8f7f5f\" data-id=\"e8f7f5f\" data-element_type=\"column\">\n\t\t\t<div class=\"elementor-widget-wrap elementor-element-populated\">\n\t\t\t\t\t\t<div class=\"elementor-element elementor-element-2e47847 animated-slow elementor-invisible elementor-widget elementor-widget-heading\" data-id=\"2e47847\" data-element_type=\"widget\" data-settings=\"{&quot;_animation&quot;:&quot;fadeInDown&quot;}\" data-widget_type=\"heading.default\">\n\t\t\t\t<div class=\"elementor-widget-container\">\n\t\t\t\t\t<h2 class=\"elementor-heading-title elementor-size-default\">\u00bfQU\u00c9 ES COMMS MUNDI CALL CENTER IN A BOX?\n<\/h2>\t\t\t\t<\/div>\n\t\t\t\t<\/div>\n\t\t\t\t<div class=\"elementor-element elementor-element-f27e89e animated-slow elementor-invisible elementor-widget elementor-widget-text-editor\" data-id=\"f27e89e\" data-element_type=\"widget\" data-settings=\"{&quot;_animation&quot;:&quot;bounceIn&quot;}\" data-widget_type=\"text-editor.default\">\n\t\t\t\t<div class=\"elementor-widget-container\">\n\t\t\t\t\t\t\t\t\t<p>Comms Mundi Call Center in a Box es un software que provee una soluci\u00f3n de Call Center para negocios. Incluye una soluci\u00f3n avanzada de centralita IP con capacidad de distribuci\u00f3n autom\u00e1tica de llamadas entrantes, marcador autom\u00e1tico, LCR, seguridad, control de riesgo y mucho m\u00e1s&#8230;<\/p>\t\t\t\t\t\t\t\t<\/div>\n\t\t\t\t<\/div>\n\t\t\t\t<div class=\"elementor-element elementor-element-18c91ea animated-slow elementor-invisible elementor-widget elementor-widget-heading\" data-id=\"18c91ea\" data-element_type=\"widget\" data-settings=\"{&quot;_animation&quot;:&quot;fadeInDown&quot;}\" data-widget_type=\"heading.default\">\n\t\t\t\t<div class=\"elementor-widget-container\">\n\t\t\t\t\t<h2 class=\"elementor-heading-title elementor-size-default\">\u00bfPOR QU\u00c9 COMMS MUNDI CALL CENTER IN A BOX?<\/h2>\t\t\t\t<\/div>\n\t\t\t\t<\/div>\n\t\t\t\t<div class=\"elementor-element elementor-element-29ef62d animated-slow elementor-invisible elementor-widget elementor-widget-text-editor\" data-id=\"29ef62d\" data-element_type=\"widget\" data-settings=\"{&quot;_animation&quot;:&quot;bounceIn&quot;}\" data-widget_type=\"text-editor.default\">\n\t\t\t\t<div class=\"elementor-widget-container\">\n\t\t\t\t\t\t\t\t\t<p>-Porque reduces costes:<\/p><p>-Tienes la opci\u00f3n de elegir entre cientos de proveedores VoIP, y ahorrar as\u00ed una enorme -cantidad de dinero en llamadas nacionales e internacionales.<\/p><p>-Porque es simple y f\u00e1cil de usar:<\/p><p>-No es necesario ser un t\u00e9cnico experto para usar Comms Mundi. Con un amigable e intuitivo frontweb podr\u00e1s gestionar Comms Mundi desde cualquier parte del mundo.<\/p><p>-Porque contratas agentes a domicilio: tus agentes de Call Center se pueden conectar desde cualquier lugar, y recibir llamadas utilizando su tel\u00e9fono fijo o m\u00f3vil cuando est\u00e1n viajando.<\/p><p>-Porque mejora f\u00e1cilmente las prestaciones: a\u00f1adiendo nuevas colas de Call Center en su soluci\u00f3n, puede aumentar sus prestaciones en un par de clics.<\/p>\t\t\t\t\t\t\t\t<\/div>\n\t\t\t\t<\/div>\n\t\t\t\t\t<\/div>\n\t\t<\/div>\n\t\t\t\t\t<\/div>\n\t\t<\/section>\n\t\t\t\t<section class=\"elementor-section elementor-top-section elementor-element elementor-element-5be086d2 elementor-section-content-middle animated-slow elementor-section-boxed elementor-section-height-default elementor-section-height-default elementor-invisible\" data-id=\"5be086d2\" data-element_type=\"section\" data-settings=\"{&quot;background_background&quot;:&quot;classic&quot;,&quot;animation&quot;:&quot;fadeInUp&quot;}\">\n\t\t\t\t\t\t<div class=\"elementor-container elementor-column-gap-no\">\n\t\t\t\t\t<div class=\"elementor-column elementor-col-50 elementor-top-column elementor-element elementor-element-74ee7643\" data-id=\"74ee7643\" data-element_type=\"column\">\n\t\t\t<div class=\"elementor-widget-wrap elementor-element-populated\">\n\t\t\t\t\t\t<div class=\"elementor-element elementor-element-264f5752 animated-slow elementor-invisible elementor-widget elementor-widget-heading\" data-id=\"264f5752\" data-element_type=\"widget\" data-settings=\"{&quot;_animation&quot;:&quot;fadeInLeft&quot;}\" data-widget_type=\"heading.default\">\n\t\t\t\t<div class=\"elementor-widget-container\">\n\t\t\t\t\t<h4 class=\"elementor-heading-title elementor-size-default\">Descarga las especificaciones t\u00e9cnicas de Comms Mundi Call Center -&gt;<\/h4>\t\t\t\t<\/div>\n\t\t\t\t<\/div>\n\t\t\t\t\t<\/div>\n\t\t<\/div>\n\t\t\t\t<div class=\"elementor-column elementor-col-50 elementor-top-column elementor-element elementor-element-2c02d247\" data-id=\"2c02d247\" data-element_type=\"column\">\n\t\t\t<div class=\"elementor-widget-wrap elementor-element-populated\">\n\t\t\t\t\t\t<div class=\"elementor-element elementor-element-4e6f03a elementor-align-center animated-slow elementor-invisible elementor-widget elementor-widget-button\" data-id=\"4e6f03a\" data-element_type=\"widget\" data-settings=\"{&quot;_animation&quot;:&quot;zoomIn&quot;}\" data-widget_type=\"button.default\">\n\t\t\t\t<div class=\"elementor-widget-container\">\n\t\t\t\t\t\t\t\t\t<div class=\"elementor-button-wrapper\">\n\t\t\t\t\t<a class=\"elementor-button elementor-button-link elementor-size-sm\" href=\"http:\/\/www.wirelessmundi.com\/wp-content\/uploads\/2022\/06\/especificaciones_cm_call_center_es_20220608.pdf\">\n\t\t\t\t\t\t<span class=\"elementor-button-content-wrapper\">\n\t\t\t\t\t\t<span class=\"elementor-button-icon\">\n\t\t\t\t<i aria-hidden=\"true\" class=\"far fa-file-pdf\"><\/i>\t\t\t<\/span>\n\t\t\t\t\t\t\t\t\t<span class=\"elementor-button-text\">Comms Mundi Call Center PDF<\/span>\n\t\t\t\t\t<\/span>\n\t\t\t\t\t<\/a>\n\t\t\t\t<\/div>\n\t\t\t\t\t\t\t\t<\/div>\n\t\t\t\t<\/div>\n\t\t\t\t\t<\/div>\n\t\t<\/div>\n\t\t\t\t\t<\/div>\n\t\t<\/section>\n\t\t\t\t<\/div>\n\t\t","protected":false},"excerpt":{"rendered":"<p>http:\/\/www.wirelessmundi.com\/wp-content\/uploads\/2022\/02\/video-en-construccion_cabecera_en_cola_1.mp4 \u00bfQU\u00c9 ES COMMS MUNDI CALL CENTER IN A BOX? Comms Mundi Call Center in a Box es un software que provee una soluci\u00f3n de Call Center para negocios. Incluye una soluci\u00f3n avanzada de centralita IP con capacidad de distribuci\u00f3n autom\u00e1tica de llamadas entrantes, marcador autom\u00e1tico, LCR, seguridad, control de riesgo y mucho m\u00e1s&#8230; \u00bfPOR &hellip;<\/p>\n<p class=\"read-more\"> <a class=\"\" href=\"https:\/\/www.wirelessmundi.com\/?page_id=963\"> <span class=\"screen-reader-text\">Call Center<\/span> Leer m\u00e1s &raquo;<\/a><\/p>\n","protected":false},"author":1,"featured_media":0,"parent":0,"menu_order":0,"comment_status":"closed","ping_status":"closed","template":"","meta":{"site-sidebar-layout":"no-sidebar","site-content-layout":"page-builder","ast-global-header-display":"","ast-main-header-display":"","ast-hfb-above-header-display":"","ast-hfb-below-header-display":"","ast-hfb-mobile-header-display":"","site-post-title":"disabled","ast-breadcrumbs-content":"","ast-featured-img":"disabled","footer-sml-layout":"","theme-transparent-header-meta":"","adv-header-id-meta":"","stick-header-meta":"","header-above-stick-meta":"","header-main-stick-meta":"","header-below-stick-meta":"","footnotes":""},"class_list":["post-963","page","type-page","status-publish","hentry"],"_links":{"self":[{"href":"https:\/\/www.wirelessmundi.com\/index.php?rest_route=\/wp\/v2\/pages\/963","targetHints":{"allow":["GET"]}}],"collection":[{"href":"https:\/\/www.wirelessmundi.com\/index.php?rest_route=\/wp\/v2\/pages"}],"about":[{"href":"https:\/\/www.wirelessmundi.com\/index.php?rest_route=\/wp\/v2\/types\/page"}],"author":[{"embeddable":true,"href":"https:\/\/www.wirelessmundi.com\/index.php?rest_route=\/wp\/v2\/users\/1"}],"replies":[{"embeddable":true,"href":"https:\/\/www.wirelessmundi.com\/index.php?rest_route=%2Fwp%2Fv2%2Fcomments&post=963"}],"version-history":[{"count":28,"href":"https:\/\/www.wirelessmundi.com\/index.php?rest_route=\/wp\/v2\/pages\/963\/revisions"}],"predecessor-version":[{"id":2446,"href":"https:\/\/www.wirelessmundi.com\/index.php?rest_route=\/wp\/v2\/pages\/963\/revisions\/2446"}],"wp:attachment":[{"href":"https:\/\/www.wirelessmundi.com\/index.php?rest_route=%2Fwp%2Fv2%2Fmedia&parent=963"}],"curies":[{"name":"wp","href":"https:\/\/api.w.org\/{rel}","templated":true}]}}