{"id":728,"date":"2022-02-17T23:03:03","date_gmt":"2022-02-17T21:03:03","guid":{"rendered":"http:\/\/a4.commsmundi.com\/?page_id=728"},"modified":"2022-06-15T11:18:51","modified_gmt":"2022-06-15T09:18:51","slug":"carrier-ip-isp","status":"publish","type":"page","link":"https:\/\/www.wirelessmundi.com\/?page_id=728","title":{"rendered":"Carrier IP &#038; ISP"},"content":{"rendered":"\t\t<div data-elementor-type=\"wp-page\" data-elementor-id=\"728\" class=\"elementor elementor-728\">\n\t\t\t\t\t\t<section class=\"elementor-section elementor-top-section elementor-element elementor-element-7a2001dc elementor-section-height-min-height elementor-section-content-middle animated-slow elementor-section-boxed elementor-section-height-default elementor-section-items-middle elementor-invisible\" data-id=\"7a2001dc\" data-element_type=\"section\" data-settings=\"{&quot;background_background&quot;:&quot;classic&quot;,&quot;animation&quot;:&quot;fadeInDown&quot;}\">\n\t\t\t\t\t\t\t<div class=\"elementor-background-overlay\"><\/div>\n\t\t\t\t\t\t\t<div class=\"elementor-container elementor-column-gap-no\">\n\t\t\t\t\t<div class=\"elementor-column elementor-col-25 elementor-top-column elementor-element elementor-element-96f4315\" data-id=\"96f4315\" data-element_type=\"column\">\n\t\t\t<div class=\"elementor-widget-wrap elementor-element-populated\">\n\t\t\t\t\t\t<div class=\"elementor-element elementor-element-d55b32e animated-slow elementor-invisible elementor-widget elementor-widget-heading\" data-id=\"d55b32e\" data-element_type=\"widget\" data-settings=\"{&quot;_animation&quot;:&quot;fadeInLeft&quot;}\" data-widget_type=\"heading.default\">\n\t\t\t\t<div class=\"elementor-widget-container\">\n\t\t\t\t\t<h2 class=\"elementor-heading-title elementor-size-default\">NECESITO...<\/h2>\t\t\t\t<\/div>\n\t\t\t\t<\/div>\n\t\t\t\t<div class=\"elementor-element elementor-element-ae403bd animated-slow elementor-invisible elementor-widget elementor-widget-text-editor\" data-id=\"ae403bd\" data-element_type=\"widget\" data-settings=\"{&quot;_animation&quot;:&quot;fadeInRight&quot;}\" data-widget_type=\"text-editor.default\">\n\t\t\t\t<div class=\"elementor-widget-container\">\n\t\t\t\t\t\t\t\t\t<p><strong>REDUCIR LOS COSTES DE IMPLEMENTACI\u00d3N Y MANTENIMIENTO<\/strong><\/p>\t\t\t\t\t\t\t\t<\/div>\n\t\t\t\t<\/div>\n\t\t\t\t<div class=\"elementor-element elementor-element-e1f82f3 animated-slow elementor-invisible elementor-widget elementor-widget-text-editor\" data-id=\"e1f82f3\" data-element_type=\"widget\" data-settings=\"{&quot;_animation&quot;:&quot;fadeInLeft&quot;}\" data-widget_type=\"text-editor.default\">\n\t\t\t\t<div class=\"elementor-widget-container\">\n\t\t\t\t\t\t\t\t\t<p>Comms Mundi reemplaza m\u00faltiples dispositivos y su enfoque sencillo e integrado de la Informaci\u00f3n y la Comunicaci\u00f3n (TIC) aumentar\u00e1 tus ventas, ver\u00e1s reducidos los costos de implementaci\u00f3n y mantenimiento, todo ello con un producto orientado a la excelencia<\/p>\t\t\t\t\t\t\t\t<\/div>\n\t\t\t\t<\/div>\n\t\t\t\t<div class=\"elementor-element elementor-element-6324765 animated-slow elementor-invisible elementor-widget elementor-widget-text-editor\" data-id=\"6324765\" data-element_type=\"widget\" data-settings=\"{&quot;_animation&quot;:&quot;fadeInUp&quot;}\" data-widget_type=\"text-editor.default\">\n\t\t\t\t<div class=\"elementor-widget-container\">\n\t\t\t\t\t\t\t\t\t<p>&#8211; Despliegue r\u00e1pido y f\u00e1cil<\/p><p>&#8211; Plantillas predefinidas por escenario<\/p><p>&#8211; Mantenimiento en remoto<\/p><p>&#8211; Proporcionar una amplia gama de soluciones<\/p><p>&#8211; Nuevas tecnolog\u00edas disponibles<\/p><p>&#8211; Actualizaci\u00f3n constante de las tecnolog\u00edas<\/p><p>&#8211; Mejor calidad y el apoyo y soporte que merezco<\/p><p>&#8211; Aumenta la lealtad del cliente<\/p>\t\t\t\t\t\t\t\t<\/div>\n\t\t\t\t<\/div>\n\t\t\t\t\t<\/div>\n\t\t<\/div>\n\t\t\t\t<div class=\"elementor-column elementor-col-25 elementor-top-column elementor-element elementor-element-78c7e214\" data-id=\"78c7e214\" data-element_type=\"column\">\n\t\t\t<div class=\"elementor-widget-wrap elementor-element-populated\">\n\t\t\t\t\t\t<div class=\"elementor-element elementor-element-cea17cf animated-slow elementor-invisible elementor-widget elementor-widget-text-editor\" data-id=\"cea17cf\" data-element_type=\"widget\" data-settings=\"{&quot;_animation&quot;:&quot;zoomInDown&quot;}\" data-widget_type=\"text-editor.default\">\n\t\t\t\t<div class=\"elementor-widget-container\">\n\t\t\t\t\t\t\t\t\t<p><strong>UN SISTEMA COMPLETO DE BACK-END<\/strong><\/p>\t\t\t\t\t\t\t\t<\/div>\n\t\t\t\t<\/div>\n\t\t\t\t<div class=\"elementor-element elementor-element-4566ffb animated-slow elementor-invisible elementor-widget elementor-widget-text-editor\" data-id=\"4566ffb\" data-element_type=\"widget\" data-settings=\"{&quot;_animation&quot;:&quot;fadeInLeft&quot;}\" data-widget_type=\"text-editor.default\">\n\t\t\t\t<div class=\"elementor-widget-container\">\n\t\t\t\t\t\t\t\t\t<p>&#8211; Servicios alojados en CPD del operador o directamente en cliente<\/p><p>&#8211; Servicios de hosting web<\/p><p>&#8211; A\u00f1adir servicios a accesos de voz (IVR avanzada, Call Center, EPBX y m\u00e1s)<\/p><p>-Probado con hasta 5000 usuarios en un \u00fanico servidor de gama alta.<\/p><p>-Conexiones VOIP de la m\u00e1s alta calidad para tus clientes<\/p>\t\t\t\t\t\t\t\t<\/div>\n\t\t\t\t<\/div>\n\t\t\t\t<div class=\"elementor-element elementor-element-afeee3d animated-slow elementor-invisible elementor-widget elementor-widget-text-editor\" data-id=\"afeee3d\" data-element_type=\"widget\" data-settings=\"{&quot;_animation&quot;:&quot;bounceInLeft&quot;}\" data-widget_type=\"text-editor.default\">\n\t\t\t\t<div class=\"elementor-widget-container\">\n\t\t\t\t\t\t\t\t\t<p>-No m\u00e1s estr\u00e9s&#8230; Mejora la experiencia<\/p><p>-Si\u00e9ntete libre de poder pedir ayuda cuando tengas cualquier duda sobre tu red Comms Mundi o alg\u00fan problema con tus proveedores\u00a0 \u00a0 \u00a0<\/p><p>-Sigue siendo competitivo ofreciendo las \u00faltimas tecnolog\u00edas y servicios al mejor precio para tus clientes, teniendo siempre en cuenta la flexibilidad<\/p><p>-Simple y f\u00e1cil de usar<\/p><p>-Combina toda la alta tecnolog\u00eda en un \u00fanico servidor de oficina y ahorra en dispositivos, espacio y energ\u00eda. Adapta el servidor a tus necesidades sin pagar derechos de licencia por usuario<\/p><p>&#8211; Diversifica la base de clientes<\/p>\t\t\t\t\t\t\t\t<\/div>\n\t\t\t\t<\/div>\n\t\t\t\t\t<\/div>\n\t\t<\/div>\n\t\t\t\t<div class=\"elementor-column elementor-col-25 elementor-top-column elementor-element elementor-element-5437095\" data-id=\"5437095\" data-element_type=\"column\">\n\t\t\t<div class=\"elementor-widget-wrap elementor-element-populated\">\n\t\t\t\t\t\t<div class=\"elementor-element elementor-element-0f270c1 animated-slow elementor-invisible elementor-widget elementor-widget-heading\" data-id=\"0f270c1\" data-element_type=\"widget\" data-settings=\"{&quot;_animation&quot;:&quot;fadeInUp&quot;}\" data-widget_type=\"heading.default\">\n\t\t\t\t<div class=\"elementor-widget-container\">\n\t\t\t\t\t<h2 class=\"elementor-heading-title elementor-size-default\">UN PRODUCTO PROBADO DE ALTA CALIDAD EN REGISTROS DE TIEMPO<\/h2>\t\t\t\t<\/div>\n\t\t\t\t<\/div>\n\t\t\t\t<div class=\"elementor-element elementor-element-51cb0c0 animated-slow elementor-invisible elementor-widget elementor-widget-text-editor\" data-id=\"51cb0c0\" data-element_type=\"widget\" data-settings=\"{&quot;_animation&quot;:&quot;zoomInRight&quot;}\" data-widget_type=\"text-editor.default\">\n\t\t\t\t<div class=\"elementor-widget-container\">\n\t\t\t\t\t\t\t\t\t<p>-Enfoque simple para una m\u00e1s alta disponibilidad<\/p><p>-Probado contra equipos de operadores (Nortel, Cisco y m\u00e1s)<\/p><p>-Softswitch VOIP de alto rendimiento<\/p><p>-Reduce tus gastos<\/p><p>-Simple y f\u00e1cil de usar<\/p><p>-Combina toda la alta tecnolog\u00eda en un \u00fanico servidor de oficina y ahorra en dispositivos, espacio y energ\u00eda. Adapta el servidor a tus necesidades sin pagar derechos de licencia por usuario<\/p><p>-No es necesario ser experto en tecnolog\u00eda para utilizar y gestionar Comms Mundi<\/p><p>-Con interfaces web sencillas e intuitivas puedes administrarlo desde cualquier lugar del mundo<\/p>\t\t\t\t\t\t\t\t<\/div>\n\t\t\t\t<\/div>\n\t\t\t\t<div class=\"elementor-element elementor-element-93b589d animated-slow elementor-invisible elementor-widget elementor-widget-text-editor\" data-id=\"93b589d\" data-element_type=\"widget\" data-settings=\"{&quot;_animation&quot;:&quot;zoomInLeft&quot;}\" data-widget_type=\"text-editor.default\">\n\t\t\t\t<div class=\"elementor-widget-container\">\n\t\t\t\t\t\t\t\t\t<p>-Enfoque simple para una m\u00e1s alta disponibilidad<\/p><p>-Probado contra equipos de operadores (Nortel, Cisco y m\u00e1s)<\/p><p>-Softswitch VOIP de alto rendimiento<\/p>\t\t\t\t\t\t\t\t<\/div>\n\t\t\t\t<\/div>\n\t\t\t\t\t<\/div>\n\t\t<\/div>\n\t\t\t\t<div class=\"elementor-column elementor-col-25 elementor-top-column elementor-element elementor-element-c06517f\" data-id=\"c06517f\" data-element_type=\"column\">\n\t\t\t<div class=\"elementor-widget-wrap elementor-element-populated\">\n\t\t\t\t\t\t<div class=\"elementor-element elementor-element-e9cc7f2 animated-slow elementor-invisible elementor-widget elementor-widget-heading\" data-id=\"e9cc7f2\" data-element_type=\"widget\" data-settings=\"{&quot;_animation&quot;:&quot;fadeInRight&quot;}\" data-widget_type=\"heading.default\">\n\t\t\t\t<div class=\"elementor-widget-container\">\n\t\t\t\t\t<h2 class=\"elementor-heading-title elementor-size-default\">INCREMENTAR MI PORTFOLIO CON SERVICIOS ADICIONALES<\/h2>\t\t\t\t<\/div>\n\t\t\t\t<\/div>\n\t\t\t\t<div class=\"elementor-element elementor-element-4f97211 animated-slow elementor-invisible elementor-widget elementor-widget-text-editor\" data-id=\"4f97211\" data-element_type=\"widget\" data-settings=\"{&quot;_animation&quot;:&quot;fadeInUp&quot;}\" data-widget_type=\"text-editor.default\">\n\t\t\t\t<div class=\"elementor-widget-container\">\n\t\t\t\t\t\t\t\t\t<p>CARACTER\u00cdSTICAS:<\/p><p>-Interfaz unificada\u00a0\u00a0\u00a0\u00a0\u00a0\u00a0\u00a0\u00a0\u00a0\u00a0\u00a0\u00a0\u00a0\u00a0\u00a0\u00a0\u00a0\u00a0\u00a0\u00a0\u00a0\u00a0\u00a0\u00a0\u00a0<\/p><p>-Networking Avanzado<\/p><p>-ISP con servicio de autenticaci\u00f3n (PPPoE, L2TP, portal cautivo, 802.1x, RADIUS backend)<\/p><p>-Enrutador avanzado con detecci\u00f3n y balanceo de tr\u00e1fico nivel 7<\/p><p>-Interfaz web de gesti\u00f3n sencilla\u00a0\u00a0\u00a0\u00a0\u00a0\u00a0\u00a0\u00a0\u00a0\u00a0\u00a0\u00a0 \u00a0\u00a0\u00a0\u00a0\u00a0\u00a0\u00a0\u00a0\u00a0\u00a0\u00a0\u00a0\u00a0\u00a0<\/p><p>-Implementaci\u00f3n y configuraci\u00f3n de todo tipo de tarjetas<\/p><p>-Acceso remoto\u00a0\u00a0\u00a0\u00a0\u00a0\u00a0\u00a0\u00a0\u00a0\u00a0\u00a0\u00a0\u00a0\u00a0\u00a0\u00a0\u00a0\u00a0\u00a0\u00a0\u00a0\u00a0\u00a0\u00a0\u00a0\u00a0\u00a0\u00a0\u00a0<\/p><p>-Gesti\u00f3n de usuarios del sistema<\/p><p>-Gesti\u00f3n de dominios<\/p><p>-Acceso a trav\u00e9s firewalls<\/p><p>-Sistema de actualizaci\u00f3n\u00a0\u00a0\u00a0\u00a0\u00a0\u00a0\u00a0\u00a0\u00a0\u00a0\u00a0\u00a0\u00a0\u00a0\u00a0\u00a0\u00a0\u00a0\u00a0\u00a0\u00a0\u00a0\u00a0\u00a0\u00a0\u00a0\u00a0<\/p><p>-Backup \/ Plantillas: r\u00e1pido despliegue mediante plantillas predefinidas\u00a0 \u00a0\u00a0<\/p>\t\t\t\t\t\t\t\t<\/div>\n\t\t\t\t<\/div>\n\t\t\t\t\t<\/div>\n\t\t<\/div>\n\t\t\t\t\t<\/div>\n\t\t<\/section>\n\t\t\t\t<section class=\"elementor-section elementor-top-section elementor-element elementor-element-64b107b0 elementor-section-full_width elementor-section-height-min-height elementor-section-items-stretch animated-slow elementor-section-height-default elementor-invisible\" data-id=\"64b107b0\" data-element_type=\"section\" data-settings=\"{&quot;background_background&quot;:&quot;gradient&quot;,&quot;animation&quot;:&quot;fadeInUp&quot;}\">\n\t\t\t\t\t\t<div class=\"elementor-container elementor-column-gap-default\">\n\t\t\t\t\t<div class=\"elementor-column elementor-col-11 elementor-top-column elementor-element elementor-element-4ffa1908\" data-id=\"4ffa1908\" data-element_type=\"column\">\n\t\t\t<div class=\"elementor-widget-wrap\">\n\t\t\t\t\t\t\t<\/div>\n\t\t<\/div>\n\t\t\t\t<div class=\"elementor-column elementor-col-11 elementor-top-column elementor-element elementor-element-1522f8d\" data-id=\"1522f8d\" data-element_type=\"column\">\n\t\t\t<div class=\"elementor-widget-wrap\">\n\t\t\t\t\t\t\t<\/div>\n\t\t<\/div>\n\t\t\t\t<div class=\"elementor-column elementor-col-11 elementor-top-column elementor-element elementor-element-57b250f\" data-id=\"57b250f\" data-element_type=\"column\">\n\t\t\t<div class=\"elementor-widget-wrap\">\n\t\t\t\t\t\t\t<\/div>\n\t\t<\/div>\n\t\t\t\t<div class=\"elementor-column elementor-col-11 elementor-top-column elementor-element elementor-element-fb24881\" data-id=\"fb24881\" data-element_type=\"column\">\n\t\t\t<div class=\"elementor-widget-wrap\">\n\t\t\t\t\t\t\t<\/div>\n\t\t<\/div>\n\t\t\t\t<div class=\"elementor-column elementor-col-11 elementor-top-column elementor-element elementor-element-7af655f7\" data-id=\"7af655f7\" data-element_type=\"column\">\n\t\t\t<div class=\"elementor-widget-wrap elementor-element-populated\">\n\t\t\t\t\t\t<div class=\"elementor-element elementor-element-7480645 elementor-widget elementor-widget-video\" data-id=\"7480645\" data-element_type=\"widget\" data-settings=\"{&quot;video_type&quot;:&quot;hosted&quot;,&quot;show_image_overlay&quot;:&quot;yes&quot;,&quot;image_overlay&quot;:{&quot;url&quot;:&quot;http:\\\/\\\/www.wirelessmundi.com\\\/wp-content\\\/uploads\\\/2022\\\/02\\\/4-Tarjeta_CommsMundi_carrier1_20220128.png&quot;,&quot;id&quot;:802,&quot;size&quot;:&quot;&quot;,&quot;alt&quot;:&quot;&quot;,&quot;source&quot;:&quot;library&quot;},&quot;lightbox&quot;:&quot;yes&quot;,&quot;controls&quot;:&quot;yes&quot;}\" data-widget_type=\"video.default\">\n\t\t\t\t<div class=\"elementor-widget-container\">\n\t\t\t\t\t\t\t<div class=\"e-hosted-video elementor-wrapper elementor-open-lightbox\">\n\t\t\t\t\t\t\t<div class=\"elementor-custom-embed-image-overlay\" data-elementor-open-lightbox=\"yes\" data-elementor-lightbox=\"{&quot;type&quot;:&quot;video&quot;,&quot;videoType&quot;:&quot;hosted&quot;,&quot;url&quot;:&quot;http:\\\/\\\/www.wirelessmundi.com\\\/wp-content\\\/uploads\\\/2022\\\/02\\\/Video-en-construccion.mp4&quot;,&quot;autoplay&quot;:&quot;&quot;,&quot;modalOptions&quot;:{&quot;id&quot;:&quot;elementor-lightbox-7480645&quot;,&quot;entranceAnimation&quot;:&quot;&quot;,&quot;entranceAnimation_tablet&quot;:&quot;&quot;,&quot;entranceAnimation_mobile&quot;:&quot;&quot;,&quot;videoAspectRatio&quot;:&quot;169&quot;},&quot;videoParams&quot;:{&quot;controls&quot;:&quot;&quot;,&quot;preload&quot;:&quot;metadata&quot;,&quot;controlsList&quot;:&quot;nodownload&quot;,&quot;poster&quot;:&quot;http:\\\/\\\/www.wirelessmundi.com\\\/wp-content\\\/uploads\\\/2022\\\/02\\\/4-Tarjeta_CommsMundi_carrier1_20220128.png&quot;}}\" data-e-action-hash=\"#elementor-action%3Aaction%3Dlightbox%26settings%3DeyJ0eXBlIjoidmlkZW8iLCJ2aWRlb1R5cGUiOiJob3N0ZWQiLCJ1cmwiOiJodHRwOlwvXC93d3cud2lyZWxlc3NtdW5kaS5jb21cL3dwLWNvbnRlbnRcL3VwbG9hZHNcLzIwMjJcLzAyXC9WaWRlby1lbi1jb25zdHJ1Y2Npb24ubXA0IiwiYXV0b3BsYXkiOiIiLCJtb2RhbE9wdGlvbnMiOnsiaWQiOiJlbGVtZW50b3ItbGlnaHRib3gtNzQ4MDY0NSIsImVudHJhbmNlQW5pbWF0aW9uIjoiIiwiZW50cmFuY2VBbmltYXRpb25fdGFibGV0IjoiIiwiZW50cmFuY2VBbmltYXRpb25fbW9iaWxlIjoiIiwidmlkZW9Bc3BlY3RSYXRpbyI6IjE2OSJ9LCJ2aWRlb1BhcmFtcyI6eyJjb250cm9scyI6IiIsInByZWxvYWQiOiJtZXRhZGF0YSIsImNvbnRyb2xzTGlzdCI6Im5vZG93bmxvYWQiLCJwb3N0ZXIiOiJodHRwOlwvXC93d3cud2lyZWxlc3NtdW5kaS5jb21cL3dwLWNvbnRlbnRcL3VwbG9hZHNcLzIwMjJcLzAyXC80LVRhcmpldGFfQ29tbXNNdW5kaV9jYXJyaWVyMV8yMDIyMDEyOC5wbmcifX0%3D\">\n\t\t\t\t\t\t\t\t\t\t\t<img fetchpriority=\"high\" decoding=\"async\" width=\"1920\" height=\"1080\" src=\"https:\/\/www.wirelessmundi.es\/wp-content\/uploads\/2022\/02\/4-Tarjeta_CommsMundi_carrier1_20220128.png\" class=\"attachment-full size-full wp-image-802\" alt=\"\" srcset=\"https:\/\/www.wirelessmundi.es\/wp-content\/uploads\/2022\/02\/4-Tarjeta_CommsMundi_carrier1_20220128.png 1920w, https:\/\/www.wirelessmundi.es\/wp-content\/uploads\/2022\/02\/4-Tarjeta_CommsMundi_carrier1_20220128-300x169.png 300w, https:\/\/www.wirelessmundi.es\/wp-content\/uploads\/2022\/02\/4-Tarjeta_CommsMundi_carrier1_20220128-1024x576.png 1024w, https:\/\/www.wirelessmundi.es\/wp-content\/uploads\/2022\/02\/4-Tarjeta_CommsMundi_carrier1_20220128-768x432.png 768w, https:\/\/www.wirelessmundi.es\/wp-content\/uploads\/2022\/02\/4-Tarjeta_CommsMundi_carrier1_20220128-1536x864.png 1536w\" sizes=\"(max-width: 1920px) 100vw, 1920px\" \/>\t\t\t\t\t\t\t\t\t\t\t\t\t\t\t\t<div class=\"elementor-custom-embed-play\" role=\"button\" aria-label=\"Reproducir v\u00eddeo\" tabindex=\"0\">\n\t\t\t\t\t\t\t<i aria-hidden=\"true\" class=\"eicon-play\"><\/i>\t\t\t\t\t\t<\/div>\n\t\t\t\t\t\t\t\t\t<\/div>\n\t\t\t\t\t<\/div>\n\t\t\t\t\t\t<\/div>\n\t\t\t\t<\/div>\n\t\t\t\t\t<\/div>\n\t\t<\/div>\n\t\t\t\t<div class=\"elementor-column elementor-col-11 elementor-top-column elementor-element elementor-element-640d9d9e\" data-id=\"640d9d9e\" data-element_type=\"column\" data-settings=\"{&quot;background_background&quot;:&quot;classic&quot;}\">\n\t\t\t<div class=\"elementor-widget-wrap\">\n\t\t\t\t\t\t\t<\/div>\n\t\t<\/div>\n\t\t\t\t<div class=\"elementor-column elementor-col-11 elementor-top-column elementor-element elementor-element-c715bc0\" data-id=\"c715bc0\" data-element_type=\"column\" data-settings=\"{&quot;background_background&quot;:&quot;classic&quot;}\">\n\t\t\t<div class=\"elementor-widget-wrap\">\n\t\t\t\t\t\t\t<\/div>\n\t\t<\/div>\n\t\t\t\t<div class=\"elementor-column elementor-col-11 elementor-top-column elementor-element elementor-element-e291719\" data-id=\"e291719\" data-element_type=\"column\" data-settings=\"{&quot;background_background&quot;:&quot;classic&quot;}\">\n\t\t\t<div class=\"elementor-widget-wrap\">\n\t\t\t\t\t\t\t<\/div>\n\t\t<\/div>\n\t\t\t\t<div class=\"elementor-column elementor-col-11 elementor-top-column elementor-element elementor-element-daed592\" data-id=\"daed592\" data-element_type=\"column\" data-settings=\"{&quot;background_background&quot;:&quot;classic&quot;}\">\n\t\t\t<div class=\"elementor-widget-wrap\">\n\t\t\t\t\t\t\t<\/div>\n\t\t<\/div>\n\t\t\t\t\t<\/div>\n\t\t<\/section>\n\t\t\t\t<section class=\"elementor-section elementor-top-section elementor-element elementor-element-6858f202 elementor-section-content-middle animated-slow elementor-section-boxed elementor-section-height-default elementor-section-height-default elementor-invisible\" data-id=\"6858f202\" data-element_type=\"section\" data-settings=\"{&quot;background_background&quot;:&quot;classic&quot;,&quot;animation&quot;:&quot;fadeInUp&quot;}\">\n\t\t\t\t\t\t<div class=\"elementor-container elementor-column-gap-no\">\n\t\t\t\t\t<div class=\"elementor-column elementor-col-50 elementor-top-column elementor-element elementor-element-6d60f6fb\" data-id=\"6d60f6fb\" data-element_type=\"column\">\n\t\t\t<div class=\"elementor-widget-wrap elementor-element-populated\">\n\t\t\t\t\t\t<div class=\"elementor-element elementor-element-37029199 animated-slow elementor-invisible elementor-widget elementor-widget-heading\" data-id=\"37029199\" data-element_type=\"widget\" data-settings=\"{&quot;_animation&quot;:&quot;fadeInLeft&quot;}\" data-widget_type=\"heading.default\">\n\t\t\t\t<div class=\"elementor-widget-container\">\n\t\t\t\t\t<h4 class=\"elementor-heading-title elementor-size-default\">Descarga las especificaciones t\u00e9cnicas de Comms Mundi Carrier &amp; ISP -&gt;<\/h4>\t\t\t\t<\/div>\n\t\t\t\t<\/div>\n\t\t\t\t\t<\/div>\n\t\t<\/div>\n\t\t\t\t<div class=\"elementor-column elementor-col-50 elementor-top-column elementor-element elementor-element-4b240145\" data-id=\"4b240145\" data-element_type=\"column\">\n\t\t\t<div class=\"elementor-widget-wrap elementor-element-populated\">\n\t\t\t\t\t\t<div class=\"elementor-element elementor-element-1c20b13 elementor-align-center animated-slow elementor-invisible elementor-widget elementor-widget-button\" data-id=\"1c20b13\" data-element_type=\"widget\" data-settings=\"{&quot;_animation&quot;:&quot;zoomIn&quot;}\" data-widget_type=\"button.default\">\n\t\t\t\t<div class=\"elementor-widget-container\">\n\t\t\t\t\t\t\t\t\t<div class=\"elementor-button-wrapper\">\n\t\t\t\t\t<a class=\"elementor-button elementor-button-link elementor-size-xs\" href=\"http:\/\/www.wirelessmundi.com\/wp-content\/uploads\/2022\/05\/especificaciones_cm_OP_ISP_IP-PBX_functionstech_specs_es_20220526.pdf\">\n\t\t\t\t\t\t<span class=\"elementor-button-content-wrapper\">\n\t\t\t\t\t\t<span class=\"elementor-button-icon\">\n\t\t\t\t<i aria-hidden=\"true\" class=\"far fa-file-pdf\"><\/i>\t\t\t<\/span>\n\t\t\t\t\t\t\t\t\t<span class=\"elementor-button-text\">Comms Mundi Carrier &amp; ISP PDF<\/span>\n\t\t\t\t\t<\/span>\n\t\t\t\t\t<\/a>\n\t\t\t\t<\/div>\n\t\t\t\t\t\t\t\t<\/div>\n\t\t\t\t<\/div>\n\t\t\t\t\t<\/div>\n\t\t<\/div>\n\t\t\t\t\t<\/div>\n\t\t<\/section>\n\t\t\t\t<\/div>\n\t\t","protected":false},"excerpt":{"rendered":"<p>NECESITO&#8230; REDUCIR LOS COSTES DE IMPLEMENTACI\u00d3N Y MANTENIMIENTO Comms Mundi reemplaza m\u00faltiples dispositivos y su enfoque sencillo e integrado de la Informaci\u00f3n y la Comunicaci\u00f3n (TIC) aumentar\u00e1 tus ventas, ver\u00e1s reducidos los costos de implementaci\u00f3n y mantenimiento, todo ello con un producto orientado a la excelencia &#8211; Despliegue r\u00e1pido y f\u00e1cil &#8211; Plantillas predefinidas por &hellip;<\/p>\n<p class=\"read-more\"> <a class=\"\" href=\"https:\/\/www.wirelessmundi.com\/?page_id=728\"> <span class=\"screen-reader-text\">Carrier IP &#038; ISP<\/span> Leer m\u00e1s &raquo;<\/a><\/p>\n","protected":false},"author":1,"featured_media":0,"parent":0,"menu_order":0,"comment_status":"closed","ping_status":"closed","template":"","meta":{"site-sidebar-layout":"no-sidebar","site-content-layout":"page-builder","ast-global-header-display":"","ast-main-header-display":"","ast-hfb-above-header-display":"","ast-hfb-below-header-display":"","ast-hfb-mobile-header-display":"","site-post-title":"disabled","ast-breadcrumbs-content":"","ast-featured-img":"disabled","footer-sml-layout":"","theme-transparent-header-meta":"","adv-header-id-meta":"","stick-header-meta":"","header-above-stick-meta":"","header-main-stick-meta":"","header-below-stick-meta":"","footnotes":""},"class_list":["post-728","page","type-page","status-publish","hentry"],"_links":{"self":[{"href":"https:\/\/www.wirelessmundi.com\/index.php?rest_route=\/wp\/v2\/pages\/728","targetHints":{"allow":["GET"]}}],"collection":[{"href":"https:\/\/www.wirelessmundi.com\/index.php?rest_route=\/wp\/v2\/pages"}],"about":[{"href":"https:\/\/www.wirelessmundi.com\/index.php?rest_route=\/wp\/v2\/types\/page"}],"author":[{"embeddable":true,"href":"https:\/\/www.wirelessmundi.com\/index.php?rest_route=\/wp\/v2\/users\/1"}],"replies":[{"embeddable":true,"href":"https:\/\/www.wirelessmundi.com\/index.php?rest_route=%2Fwp%2Fv2%2Fcomments&post=728"}],"version-history":[{"count":46,"href":"https:\/\/www.wirelessmundi.com\/index.php?rest_route=\/wp\/v2\/pages\/728\/revisions"}],"predecessor-version":[{"id":2452,"href":"https:\/\/www.wirelessmundi.com\/index.php?rest_route=\/wp\/v2\/pages\/728\/revisions\/2452"}],"wp:attachment":[{"href":"https:\/\/www.wirelessmundi.com\/index.php?rest_route=%2Fwp%2Fv2%2Fmedia&parent=728"}],"curies":[{"name":"wp","href":"https:\/\/api.w.org\/{rel}","templated":true}]}}