{"id":1987,"date":"2022-05-16T12:56:43","date_gmt":"2022-05-16T10:56:43","guid":{"rendered":"https:\/\/a4.commsmundi.com\/?page_id=1987"},"modified":"2022-06-15T11:43:33","modified_gmt":"2022-06-15T09:43:33","slug":"commdesk","status":"publish","type":"page","link":"https:\/\/www.wirelessmundi.com\/?page_id=1987","title":{"rendered":"CommDesk"},"content":{"rendered":"\t\t<div data-elementor-type=\"wp-page\" data-elementor-id=\"1987\" class=\"elementor elementor-1987\">\n\t\t\t\t\t\t<section class=\"elementor-section elementor-top-section elementor-element elementor-element-7b32ac18 elementor-section-height-min-height elementor-section-content-middle elementor-reverse-mobile animated-slow elementor-section-boxed elementor-section-height-default elementor-section-items-middle elementor-invisible\" data-id=\"7b32ac18\" data-element_type=\"section\" data-settings=\"{&quot;background_background&quot;:&quot;classic&quot;,&quot;animation&quot;:&quot;fadeInDown&quot;}\">\n\t\t\t\t\t\t<div class=\"elementor-container elementor-column-gap-no\">\n\t\t\t\t\t<div class=\"elementor-column elementor-col-50 elementor-top-column elementor-element elementor-element-2773cecc\" data-id=\"2773cecc\" data-element_type=\"column\">\n\t\t\t<div class=\"elementor-widget-wrap elementor-element-populated\">\n\t\t\t\t\t\t<div class=\"elementor-element elementor-element-d9ba92b animated-slow elementor-invisible elementor-widget elementor-widget-heading\" data-id=\"d9ba92b\" data-element_type=\"widget\" data-settings=\"{&quot;_animation&quot;:&quot;fadeInUp&quot;}\" data-widget_type=\"heading.default\">\n\t\t\t\t<div class=\"elementor-widget-container\">\n\t\t\t\t\t<h2 class=\"elementor-heading-title elementor-size-default\">COMMDESK<\/h2>\t\t\t\t<\/div>\n\t\t\t\t<\/div>\n\t\t\t\t<div class=\"elementor-element elementor-element-107d6d93 animated-slow elementor-invisible elementor-widget elementor-widget-heading\" data-id=\"107d6d93\" data-element_type=\"widget\" data-settings=\"{&quot;_animation&quot;:&quot;fadeInLeft&quot;}\" data-widget_type=\"heading.default\">\n\t\t\t\t<div class=\"elementor-widget-container\">\n\t\t\t\t\t<h2 class=\"elementor-heading-title elementor-size-default\">Capacita tu fuerza laboral con la herramienta de comunicaci\u00f3n \u00f3ptima para tu negocio inteligente.<\/h2>\t\t\t\t<\/div>\n\t\t\t\t<\/div>\n\t\t\t\t<div class=\"elementor-element elementor-element-710af7ec animated-slow elementor-invisible elementor-widget elementor-widget-text-editor\" data-id=\"710af7ec\" data-element_type=\"widget\" data-settings=\"{&quot;_animation&quot;:&quot;fadeInRight&quot;}\" data-widget_type=\"text-editor.default\">\n\t\t\t\t<div class=\"elementor-widget-container\">\n\t\t\t\t\t\t\t\t\t<p>Ampl\u00eda tu soluci\u00f3n de comunicaciones vinculando tu tel\u00e9fono de escritorio a tu dispositivo m\u00f3vil para mantenerte en contacto con tu equipo, tus cuentas comerciales y residenciales mientras trabajas de forma remota o viajas.<\/p>\t\t\t\t\t\t\t\t<\/div>\n\t\t\t\t<\/div>\n\t\t\t\t\t<\/div>\n\t\t<\/div>\n\t\t\t\t<div class=\"elementor-column elementor-col-50 elementor-top-column elementor-element elementor-element-2b75eed4\" data-id=\"2b75eed4\" data-element_type=\"column\">\n\t\t\t<div class=\"elementor-widget-wrap elementor-element-populated\">\n\t\t\t\t\t\t<div class=\"elementor-element elementor-element-76cd4524 animated-slow elementor-invisible elementor-widget elementor-widget-image\" data-id=\"76cd4524\" data-element_type=\"widget\" data-settings=\"{&quot;_animation&quot;:&quot;zoomIn&quot;}\" data-widget_type=\"image.default\">\n\t\t\t\t<div class=\"elementor-widget-container\">\n\t\t\t\t\t\t\t\t\t\t\t\t\t\t\t<img fetchpriority=\"high\" decoding=\"async\" width=\"1414\" height=\"2000\" src=\"https:\/\/www.wirelessmundi.es\/wp-content\/uploads\/2022\/05\/commdesk-foto1.png\" class=\"attachment-full size-full wp-image-1993\" alt=\"\" srcset=\"https:\/\/www.wirelessmundi.es\/wp-content\/uploads\/2022\/05\/commdesk-foto1.png 1414w, https:\/\/www.wirelessmundi.es\/wp-content\/uploads\/2022\/05\/commdesk-foto1-212x300.png 212w, https:\/\/www.wirelessmundi.es\/wp-content\/uploads\/2022\/05\/commdesk-foto1-724x1024.png 724w, https:\/\/www.wirelessmundi.es\/wp-content\/uploads\/2022\/05\/commdesk-foto1-768x1086.png 768w, https:\/\/www.wirelessmundi.es\/wp-content\/uploads\/2022\/05\/commdesk-foto1-1086x1536.png 1086w\" sizes=\"(max-width: 1414px) 100vw, 1414px\" \/>\t\t\t\t\t\t\t\t\t\t\t\t\t\t\t<\/div>\n\t\t\t\t<\/div>\n\t\t\t\t\t<\/div>\n\t\t<\/div>\n\t\t\t\t\t<\/div>\n\t\t<\/section>\n\t\t\t\t<section class=\"elementor-section elementor-top-section elementor-element elementor-element-3bc8cc2d elementor-section-content-middle animated-slow elementor-section-boxed elementor-section-height-default elementor-section-height-default elementor-invisible\" data-id=\"3bc8cc2d\" data-element_type=\"section\" data-settings=\"{&quot;background_background&quot;:&quot;classic&quot;,&quot;animation&quot;:&quot;fadeInUp&quot;}\">\n\t\t\t\t\t\t<div class=\"elementor-container elementor-column-gap-no\">\n\t\t\t\t\t<div class=\"elementor-column elementor-col-50 elementor-top-column elementor-element elementor-element-385944ab\" data-id=\"385944ab\" data-element_type=\"column\">\n\t\t\t<div class=\"elementor-widget-wrap elementor-element-populated\">\n\t\t\t\t\t\t<div class=\"elementor-element elementor-element-69b9e3cf animated-slow elementor-invisible elementor-widget elementor-widget-heading\" data-id=\"69b9e3cf\" data-element_type=\"widget\" data-settings=\"{&quot;_animation&quot;:&quot;fadeInLeft&quot;}\" data-widget_type=\"heading.default\">\n\t\t\t\t<div class=\"elementor-widget-container\">\n\t\t\t\t\t<h4 class=\"elementor-heading-title elementor-size-default\">Descarga las especificaciones de CommDesk -&gt;<\/h4>\t\t\t\t<\/div>\n\t\t\t\t<\/div>\n\t\t\t\t\t<\/div>\n\t\t<\/div>\n\t\t\t\t<div class=\"elementor-column elementor-col-50 elementor-top-column elementor-element elementor-element-74e7257c\" data-id=\"74e7257c\" data-element_type=\"column\">\n\t\t\t<div class=\"elementor-widget-wrap elementor-element-populated\">\n\t\t\t\t\t\t<div class=\"elementor-element elementor-element-ca0f999 elementor-align-center animated-slow elementor-invisible elementor-widget elementor-widget-button\" data-id=\"ca0f999\" data-element_type=\"widget\" data-settings=\"{&quot;_animation&quot;:&quot;zoomIn&quot;}\" data-widget_type=\"button.default\">\n\t\t\t\t<div class=\"elementor-widget-container\">\n\t\t\t\t\t\t\t\t\t<div class=\"elementor-button-wrapper\">\n\t\t\t\t\t<a class=\"elementor-button elementor-button-link elementor-size-xs\" href=\"http:\/\/www.wirelessmundi.com\/wp-content\/uploads\/2022\/06\/especificaciones_commdesk_20220608.pdf\">\n\t\t\t\t\t\t<span class=\"elementor-button-content-wrapper\">\n\t\t\t\t\t\t<span class=\"elementor-button-icon\">\n\t\t\t\t<i aria-hidden=\"true\" class=\"far fa-file-pdf\"><\/i>\t\t\t<\/span>\n\t\t\t\t\t\t\t\t\t<span class=\"elementor-button-text\">CommDesk PDF<\/span>\n\t\t\t\t\t<\/span>\n\t\t\t\t\t<\/a>\n\t\t\t\t<\/div>\n\t\t\t\t\t\t\t\t<\/div>\n\t\t\t\t<\/div>\n\t\t\t\t\t<\/div>\n\t\t<\/div>\n\t\t\t\t\t<\/div>\n\t\t<\/section>\n\t\t\t\t<\/div>\n\t\t","protected":false},"excerpt":{"rendered":"<p>COMMDESK Capacita tu fuerza laboral con la herramienta de comunicaci\u00f3n \u00f3ptima para tu negocio inteligente. Ampl\u00eda tu soluci\u00f3n de comunicaciones vinculando tu tel\u00e9fono de escritorio a tu dispositivo m\u00f3vil para mantenerte en contacto con tu equipo, tus cuentas comerciales y residenciales mientras trabajas de forma remota o viajas. Descarga las especificaciones de CommDesk -> CommDesk &hellip;<\/p>\n<p class=\"read-more\"> <a class=\"\" href=\"https:\/\/www.wirelessmundi.com\/?page_id=1987\"> <span class=\"screen-reader-text\">CommDesk<\/span> Leer m\u00e1s &raquo;<\/a><\/p>\n","protected":false},"author":1,"featured_media":0,"parent":0,"menu_order":0,"comment_status":"closed","ping_status":"closed","template":"","meta":{"site-sidebar-layout":"no-sidebar","site-content-layout":"page-builder","ast-global-header-display":"","ast-main-header-display":"","ast-hfb-above-header-display":"","ast-hfb-below-header-display":"","ast-hfb-mobile-header-display":"","site-post-title":"disabled","ast-breadcrumbs-content":"","ast-featured-img":"disabled","footer-sml-layout":"","theme-transparent-header-meta":"","adv-header-id-meta":"","stick-header-meta":"","header-above-stick-meta":"","header-main-stick-meta":"","header-below-stick-meta":"","footnotes":""},"class_list":["post-1987","page","type-page","status-publish","hentry"],"_links":{"self":[{"href":"https:\/\/www.wirelessmundi.com\/index.php?rest_route=\/wp\/v2\/pages\/1987","targetHints":{"allow":["GET"]}}],"collection":[{"href":"https:\/\/www.wirelessmundi.com\/index.php?rest_route=\/wp\/v2\/pages"}],"about":[{"href":"https:\/\/www.wirelessmundi.com\/index.php?rest_route=\/wp\/v2\/types\/page"}],"author":[{"embeddable":true,"href":"https:\/\/www.wirelessmundi.com\/index.php?rest_route=\/wp\/v2\/users\/1"}],"replies":[{"embeddable":true,"href":"https:\/\/www.wirelessmundi.com\/index.php?rest_route=%2Fwp%2Fv2%2Fcomments&post=1987"}],"version-history":[{"count":10,"href":"https:\/\/www.wirelessmundi.com\/index.php?rest_route=\/wp\/v2\/pages\/1987\/revisions"}],"predecessor-version":[{"id":2468,"href":"https:\/\/www.wirelessmundi.com\/index.php?rest_route=\/wp\/v2\/pages\/1987\/revisions\/2468"}],"wp:attachment":[{"href":"https:\/\/www.wirelessmundi.com\/index.php?rest_route=%2Fwp%2Fv2%2Fmedia&parent=1987"}],"curies":[{"name":"wp","href":"https:\/\/api.w.org\/{rel}","templated":true}]}}