{"id":1888,"date":"2022-05-12T14:53:07","date_gmt":"2022-05-12T12:53:07","guid":{"rendered":"https:\/\/a4.commsmundi.com\/?page_id=1888"},"modified":"2022-05-12T19:49:20","modified_gmt":"2022-05-12T17:49:20","slug":"proteccion-de-datos","status":"publish","type":"page","link":"https:\/\/www.wirelessmundi.com\/?page_id=1888","title":{"rendered":"Protecci\u00f3n de datos"},"content":{"rendered":"\t\t<div data-elementor-type=\"wp-page\" data-elementor-id=\"1888\" class=\"elementor elementor-1888\">\n\t\t\t\t\t\t<section class=\"elementor-section elementor-top-section elementor-element elementor-element-fb2e31c animated-slow elementor-section-boxed elementor-section-height-default elementor-section-height-default elementor-invisible\" data-id=\"fb2e31c\" data-element_type=\"section\" data-settings=\"{&quot;background_background&quot;:&quot;classic&quot;,&quot;animation&quot;:&quot;fadeInDown&quot;}\">\n\t\t\t\t\t\t<div class=\"elementor-container elementor-column-gap-default\">\n\t\t\t\t\t<div class=\"elementor-column elementor-col-100 elementor-top-column elementor-element elementor-element-8da1238\" data-id=\"8da1238\" data-element_type=\"column\">\n\t\t\t<div class=\"elementor-widget-wrap elementor-element-populated\">\n\t\t\t\t\t\t<div class=\"elementor-element elementor-element-3af8a09 elementor-widget elementor-widget-heading\" data-id=\"3af8a09\" data-element_type=\"widget\" data-widget_type=\"heading.default\">\n\t\t\t\t<div class=\"elementor-widget-container\">\n\t\t\t\t\t<h2 class=\"elementor-heading-title elementor-size-default\">PROTECCI\u00d3N DE DATOS<\/h2>\t\t\t\t<\/div>\n\t\t\t\t<\/div>\n\t\t\t\t<div class=\"elementor-element elementor-element-c13364c elementor-widget elementor-widget-text-editor\" data-id=\"c13364c\" data-element_type=\"widget\" data-widget_type=\"text-editor.default\">\n\t\t\t\t<div class=\"elementor-widget-container\">\n\t\t\t\t\t\t\t\t\t<p>INFORMACI\u00d3N SOBRE PROTECCI\u00d3N DE DATOS<\/p><p>En cumplimiento del Art. 13 del \u201cReglamento (UE) 2016\/679 del Parlamento Europeo y del Consejo, de 27 de abril de 2016, relativo a la protecci\u00f3n de las personas f\u00edsicas en lo que respecta al tratamiento de datos personales y a la libre circulaci\u00f3n de estos datos y por el que se deroga la Directiva 95\/46\/CE\u201d (En adelante \u201cRGPD\u201d), as\u00ed como del Art. 11.1 y 2 y Art.82 de la \u201cLey Org\u00e1nica 3\/2.018 de 5 de Diciembre de Protecci\u00f3n de Datos Personales y Garant\u00eda de los Derechos Digitales\u201d (En adelante \u201cLOPDyGDD\u201d).<\/p><p>\u2013 INFORMACI\u00d3N B\u00c1SICA \u2013<\/p><p>Responsable del tratamiento: Wireless Mundi S.L.<\/p><p>Finalidad del tratamiento: Gesti\u00f3n de base de datos de clientes y comunicaciones sobre nuevos productos de su inter\u00e9s.<\/p><p>Legitimaci\u00f3n: La legitimaci\u00f3n para el tratamiento de sus datos personales es la ejecuci\u00f3n del contrato de prestaci\u00f3n de servicios, en el caso de que usted decida contratar nuestros servicios; el inter\u00e9s leg\u00edtimo a informarle de servicios de Telecomunicaciones que puedan ser de su inter\u00e9s; y el cumplimiento con las obligaciones legalmente establecidas.<\/p><p>Destinatarios: No se ceden datos a terceros, salvo obligaci\u00f3n legal. As\u00ed mismo, no se realizar\u00e1 transferencia internacional de datos personales.<\/p><p>Derechos: Usted, como persona interesada respecto al tratamiento de sus datos personales por parte de Wireless Mundi, puede acceder, rectificar o suprimir los datos, solicitar la portabilidad de los mismos, oponerse al tratamiento (Derecho al olvido) y solicitar la limitaci\u00f3n de \u00e9ste.<\/p><p>Derechos como usuario de comunicaciones a trav\u00e9s de internet: usted, como usuario de comunicaciones que se transmitan y reciban a trav\u00e9s de internet, tiene derecho a la garant\u00eda de sus derechos y libertades, a la neutralidad en internet, a la seguridad de sus comunicaciones y a ser informado de sus derechos por parte de Wireless Mundi.<\/p><p>Categor\u00edas de datos: Datos identificativos de los clientes.<\/p>\t\t\t\t\t\t\t\t<\/div>\n\t\t\t\t<\/div>\n\t\t\t\t\t<\/div>\n\t\t<\/div>\n\t\t\t\t\t<\/div>\n\t\t<\/section>\n\t\t\t\t<\/div>\n\t\t","protected":false},"excerpt":{"rendered":"<p>PROTECCI\u00d3N DE DATOS INFORMACI\u00d3N SOBRE PROTECCI\u00d3N DE DATOS En cumplimiento del Art. 13 del \u201cReglamento (UE) 2016\/679 del Parlamento Europeo y del Consejo, de 27 de abril de 2016, relativo a la protecci\u00f3n de las personas f\u00edsicas en lo que respecta al tratamiento de datos personales y a la libre circulaci\u00f3n de estos datos y &hellip;<\/p>\n<p class=\"read-more\"> <a class=\"\" href=\"https:\/\/www.wirelessmundi.com\/?page_id=1888\"> <span class=\"screen-reader-text\">Protecci\u00f3n de datos<\/span> Leer m\u00e1s &raquo;<\/a><\/p>\n","protected":false},"author":1,"featured_media":0,"parent":0,"menu_order":0,"comment_status":"closed","ping_status":"closed","template":"","meta":{"site-sidebar-layout":"no-sidebar","site-content-layout":"page-builder","ast-global-header-display":"","ast-main-header-display":"","ast-hfb-above-header-display":"","ast-hfb-below-header-display":"","ast-hfb-mobile-header-display":"","site-post-title":"disabled","ast-breadcrumbs-content":"","ast-featured-img":"disabled","footer-sml-layout":"","theme-transparent-header-meta":"","adv-header-id-meta":"","stick-header-meta":"","header-above-stick-meta":"","header-main-stick-meta":"","header-below-stick-meta":"","footnotes":""},"class_list":["post-1888","page","type-page","status-publish","hentry"],"_links":{"self":[{"href":"https:\/\/www.wirelessmundi.com\/index.php?rest_route=\/wp\/v2\/pages\/1888","targetHints":{"allow":["GET"]}}],"collection":[{"href":"https:\/\/www.wirelessmundi.com\/index.php?rest_route=\/wp\/v2\/pages"}],"about":[{"href":"https:\/\/www.wirelessmundi.com\/index.php?rest_route=\/wp\/v2\/types\/page"}],"author":[{"embeddable":true,"href":"https:\/\/www.wirelessmundi.com\/index.php?rest_route=\/wp\/v2\/users\/1"}],"replies":[{"embeddable":true,"href":"https:\/\/www.wirelessmundi.com\/index.php?rest_route=%2Fwp%2Fv2%2Fcomments&post=1888"}],"version-history":[{"count":7,"href":"https:\/\/www.wirelessmundi.com\/index.php?rest_route=\/wp\/v2\/pages\/1888\/revisions"}],"predecessor-version":[{"id":1931,"href":"https:\/\/www.wirelessmundi.com\/index.php?rest_route=\/wp\/v2\/pages\/1888\/revisions\/1931"}],"wp:attachment":[{"href":"https:\/\/www.wirelessmundi.com\/index.php?rest_route=%2Fwp%2Fv2%2Fmedia&parent=1888"}],"curies":[{"name":"wp","href":"https:\/\/api.w.org\/{rel}","templated":true}]}}